{"id":81,"date":"2015-09-24T16:52:27","date_gmt":"2015-09-24T14:52:27","guid":{"rendered":"http:\/\/37.139.8.11\/hundeverein\/?page_id=81"},"modified":"2015-09-24T16:52:27","modified_gmt":"2015-09-24T14:52:27","slug":"grundgehorsam","status":"publish","type":"page","link":"https:\/\/www.hundeverein-konstanz.de\/?page_id=81","title":{"rendered":"Grundgehorsam"},"content":{"rendered":"<p><span style=\"font-family: Verdana, Tahoma, Arial, Helvetica, sans-serif, sans-serif;\">Den Einstieg in die Ausbildung f\u00fcr Hund und Hundef\u00fchrer bildet f\u00fcr Welpen die <\/span><span style=\"font-family: Verdana, Tahoma, Arial, Helvetica, sans-serif, sans-serif;\">Welpen Lern- und Spielstunde<\/span><span style=\"font-family: Verdana, Tahoma, Arial, Helvetica, sans-serif, sans-serif;\">.<\/span><\/p>\n<p><span style=\"font-family: Verdana, Tahoma, Arial, Helvetica, sans-serif, sans-serif;\">Die Fortsetzung f\u00fcr Junghunde ab 6 Monaten bildet der f\u00fcr alle Interessenten offene sogenannte <\/span><span style=\"font-family: Verdana, Tahoma, Arial, Helvetica, sans-serif, sans-serif;\">8-Wochen Kurs<\/span><span style=\"font-family: Verdana, Tahoma, Arial, Helvetica, sans-serif, sans-serif;\">.<\/span><\/p>\n<p><span style=\"font-family: Verdana, Tahoma, Arial, Helvetica, sans-serif, sans-serif;\">An ihn schlie\u00dft (dann nur noch f\u00fcr Vereinsmitglieder) die Ausbildung zum verkehrssicheren <\/span><span style=\"font-family: Verdana, Tahoma, Arial, Helvetica, sans-serif, sans-serif;\">Begleithund<\/span><span style=\"font-family: Verdana, Tahoma, Arial, Helvetica, sans-serif, sans-serif;\"> mit Abschlusspr\u00fcfung an.<\/span><\/p>\n","protected":false},"excerpt":{"rendered":"<p>Den Einstieg in die Ausbildung f\u00fcr Hund und Hundef\u00fchrer bildet f\u00fcr Welpen die Welpen Lern- und Spielstunde. Die Fortsetzung f\u00fcr Junghunde ab 6 Monaten bildet der f\u00fcr alle Interessenten offene sogenannte 8-Wochen Kurs. An ihn schlie\u00dft (dann nur noch f\u00fcr Vereinsmitglieder) die Ausbildung zum verkehrssicheren Begleithund mit Abschlusspr\u00fcfung an.<\/p>\n","protected":false},"author":1,"featured_media":0,"parent":78,"menu_order":0,"comment_status":"closed","ping_status":"closed","template":"","meta":{"jetpack_post_was_ever_published":false,"footnotes":""},"class_list":["post-81","page","type-page","status-publish","hentry"],"aioseo_notices":[],"jetpack_shortlink":"https:\/\/wp.me\/P4ADDr-1j","jetpack_sharing_enabled":true,"_links":{"self":[{"href":"https:\/\/www.hundeverein-konstanz.de\/index.php?rest_route=\/wp\/v2\/pages\/81","targetHints":{"allow":["GET"]}}],"collection":[{"href":"https:\/\/www.hundeverein-konstanz.de\/index.php?rest_route=\/wp\/v2\/pages"}],"about":[{"href":"https:\/\/www.hundeverein-konstanz.de\/index.php?rest_route=\/wp\/v2\/types\/page"}],"author":[{"embeddable":true,"href":"https:\/\/www.hundeverein-konstanz.de\/index.php?rest_route=\/wp\/v2\/users\/1"}],"replies":[{"embeddable":true,"href":"https:\/\/www.hundeverein-konstanz.de\/index.php?rest_route=%2Fwp%2Fv2%2Fcomments&post=81"}],"version-history":[{"count":1,"href":"https:\/\/www.hundeverein-konstanz.de\/index.php?rest_route=\/wp\/v2\/pages\/81\/revisions"}],"predecessor-version":[{"id":82,"href":"https:\/\/www.hundeverein-konstanz.de\/index.php?rest_route=\/wp\/v2\/pages\/81\/revisions\/82"}],"up":[{"embeddable":true,"href":"https:\/\/www.hundeverein-konstanz.de\/index.php?rest_route=\/wp\/v2\/pages\/78"}],"wp:attachment":[{"href":"https:\/\/www.hundeverein-konstanz.de\/index.php?rest_route=%2Fwp%2Fv2%2Fmedia&parent=81"}],"curies":[{"name":"wp","href":"https:\/\/api.w.org\/{rel}","templated":true}]}}