{"id":83,"date":"2015-09-24T16:57:56","date_gmt":"2015-09-24T14:57:56","guid":{"rendered":"http:\/\/37.139.8.11\/hundeverein\/?page_id=83"},"modified":"2025-05-06T17:06:48","modified_gmt":"2025-05-06T15:06:48","slug":"welpengruppe","status":"publish","type":"page","link":"https:\/\/www.hundeverein-konstanz.de\/?page_id=83","title":{"rendered":"Welpengruppe"},"content":{"rendered":"<p>Ab etwa der 8. Lebenswoche stehen f\u00fcr die kleinen Felltiere das Sozialleben und die Eroberung der Umwelt im Vordergrund. Ihre Neugier verleitet zum unbefangenen Entdecken der Umgebung und zum Sammeln reichlicher Erfahrungen. In dieser Entwicklungsphase \u00fcben junge Hunde auch besonders intensiv soziale Verhaltensweisen mit ihren Artgenossen.<br \/>\nIst die Mensch-Hund Beziehung intensiv und positiv, wird der Vierbeiner eine vertrauensvolle und angstfreie Bindung zu menschlichen Partnern aufbauen.<\/p>\n<p>Durch die Teilnahme an der Welpen Lern- und Spielgruppe soll mittels<\/p>\n<p>\u2022 Positiver Pr\u00e4gung auf die Umwelt<br \/>\n\u2022 \u00dcbungen im Welpenparcours<br \/>\n\u2022 Sozialvertr\u00e4glichem kontrolliertem Spiel unter Welpen<br \/>\n\u2022 Richtigem Spielen mit dem Hund<br \/>\n\u2022 Kleineren Grundgehorsams\u00fcbungen<br \/>\nsowie<br \/>\n\u2022 Hilfestellung bei allen Erziehungsfragen<\/p>\n<p>der ambitionierte Hund und Hundehalter in die Junghundgruppe \u00fcberf\u00fchrt werden, um dort auf den Teamtest oder die Begleithundepr\u00fcfung vorbereitet zu werden.<\/p>\n<p>Teilnahme ab der 8. Lebenswoche.<br \/>\nKursdauer: 12 Wochen.<br \/>\nDie Geb\u00fchr von \u20ac 120.- ist nach der zweiten Ausbildungseinheit zu entrichten.<\/p>\n<p>Mitzubringen sind:<\/p>\n<p>Einfaches Halsband<br \/>\nEinfache Hundeleine von ca. 1m L\u00e4nge<br \/>\nJede Menge kleine weiche Belohnungshappen<br \/>\nWille zur Konsequenz<br \/>\ngegen\u00fcber dem Hund<br \/>\ngegen\u00fcber sich selbst<br \/>\nGen\u00fcgend Zeit!<br \/>\nDie Fortf\u00fchrung der Ausbildung erfolgt in der Junghundeausbildung<br \/>\nim Rahmen des 8-Wochen-Kurses<\/p>\n","protected":false},"excerpt":{"rendered":"<p>Ab etwa der 8. Lebenswoche stehen f\u00fcr die kleinen Felltiere das Sozialleben und die Eroberung der Umwelt im Vordergrund. Ihre Neugier verleitet zum unbefangenen Entdecken der Umgebung und zum Sammeln reichlicher Erfahrungen. In dieser Entwicklungsphase \u00fcben junge Hunde auch besonders intensiv soziale Verhaltensweisen mit ihren Artgenossen. Ist die Mensch-Hund Beziehung intensiv und positiv, wird der &hellip; <a href=\"https:\/\/www.hundeverein-konstanz.de\/?page_id=83\" class=\"more-link\"><span class=\"screen-reader-text\">Welpengruppe<\/span> weiterlesen <span class=\"meta-nav\">&rarr;<\/span><\/a><\/p>\n","protected":false},"author":1,"featured_media":0,"parent":81,"menu_order":0,"comment_status":"closed","ping_status":"closed","template":"","meta":{"jetpack_post_was_ever_published":false,"footnotes":""},"class_list":["post-83","page","type-page","status-publish","hentry"],"aioseo_notices":[],"jetpack_shortlink":"https:\/\/wp.me\/P4ADDr-1l","jetpack_sharing_enabled":true,"_links":{"self":[{"href":"https:\/\/www.hundeverein-konstanz.de\/index.php?rest_route=\/wp\/v2\/pages\/83","targetHints":{"allow":["GET"]}}],"collection":[{"href":"https:\/\/www.hundeverein-konstanz.de\/index.php?rest_route=\/wp\/v2\/pages"}],"about":[{"href":"https:\/\/www.hundeverein-konstanz.de\/index.php?rest_route=\/wp\/v2\/types\/page"}],"author":[{"embeddable":true,"href":"https:\/\/www.hundeverein-konstanz.de\/index.php?rest_route=\/wp\/v2\/users\/1"}],"replies":[{"embeddable":true,"href":"https:\/\/www.hundeverein-konstanz.de\/index.php?rest_route=%2Fwp%2Fv2%2Fcomments&post=83"}],"version-history":[{"count":7,"href":"https:\/\/www.hundeverein-konstanz.de\/index.php?rest_route=\/wp\/v2\/pages\/83\/revisions"}],"predecessor-version":[{"id":682,"href":"https:\/\/www.hundeverein-konstanz.de\/index.php?rest_route=\/wp\/v2\/pages\/83\/revisions\/682"}],"up":[{"embeddable":true,"href":"https:\/\/www.hundeverein-konstanz.de\/index.php?rest_route=\/wp\/v2\/pages\/81"}],"wp:attachment":[{"href":"https:\/\/www.hundeverein-konstanz.de\/index.php?rest_route=%2Fwp%2Fv2%2Fmedia&parent=83"}],"curies":[{"name":"wp","href":"https:\/\/api.w.org\/{rel}","templated":true}]}}