{"id":91,"date":"2015-09-24T16:55:17","date_gmt":"2015-09-24T14:55:17","guid":{"rendered":"http:\/\/37.139.8.11\/hundeverein\/?page_id=91"},"modified":"2018-06-14T22:58:00","modified_gmt":"2018-06-14T20:58:00","slug":"turnierhundesport","status":"publish","type":"page","link":"https:\/\/www.hundeverein-konstanz.de\/?page_id=91","title":{"rendered":"Turnierhundesport"},"content":{"rendered":"<p>Der Turnierhundesport &#8211; anzusehen als Bewegungssport mit dem Hund &#8211; bietet Menschen, unabh\u00e4ngig von Alter und Geschlecht, die M\u00f6glichkeit zur k\u00f6rperlich-sportlichen Bet\u00e4tigung mit dem Hund.<\/p>\n<p>Egal ob im Einzelwettkampf (Vierkampf, Hindernislauf spezial, Gel\u00e4ndelauf), oder im Manschaftswettkampf CSC &#8211; immer werden Hund und Mensch gemeinsam gefordert und bewertet.<br \/>\nDie von uns angebotene Ausbildung umfasst die Ger\u00e4tesparten (Hindernislauf, Slalom, Dreisprung, bei Interesse auch CSC), sowie die zum Vierkampf geh\u00f6rige Unterordnung, die sich in Details von der entsprechenden \u00dcbung der Begleithundepr\u00fcfung unterscheidet.<\/p>\n","protected":false},"excerpt":{"rendered":"<p>Der Turnierhundesport &#8211; anzusehen als Bewegungssport mit dem Hund &#8211; bietet Menschen, unabh\u00e4ngig von Alter und Geschlecht, die M\u00f6glichkeit zur k\u00f6rperlich-sportlichen Bet\u00e4tigung mit dem Hund. Egal ob im Einzelwettkampf (Vierkampf, Hindernislauf spezial, Gel\u00e4ndelauf), oder im Manschaftswettkampf CSC &#8211; immer werden Hund und Mensch gemeinsam gefordert und bewertet. Die von uns angebotene Ausbildung umfasst die Ger\u00e4tesparten &hellip; <a href=\"https:\/\/www.hundeverein-konstanz.de\/?page_id=91\" class=\"more-link\"><span class=\"screen-reader-text\">Turnierhundesport<\/span> weiterlesen <span class=\"meta-nav\">&rarr;<\/span><\/a><\/p>\n","protected":false},"author":1,"featured_media":0,"parent":89,"menu_order":0,"comment_status":"closed","ping_status":"closed","template":"","meta":{"jetpack_post_was_ever_published":false,"footnotes":""},"class_list":["post-91","page","type-page","status-publish","hentry"],"aioseo_notices":[],"jetpack_shortlink":"https:\/\/wp.me\/P4ADDr-1t","jetpack_sharing_enabled":true,"_links":{"self":[{"href":"https:\/\/www.hundeverein-konstanz.de\/index.php?rest_route=\/wp\/v2\/pages\/91","targetHints":{"allow":["GET"]}}],"collection":[{"href":"https:\/\/www.hundeverein-konstanz.de\/index.php?rest_route=\/wp\/v2\/pages"}],"about":[{"href":"https:\/\/www.hundeverein-konstanz.de\/index.php?rest_route=\/wp\/v2\/types\/page"}],"author":[{"embeddable":true,"href":"https:\/\/www.hundeverein-konstanz.de\/index.php?rest_route=\/wp\/v2\/users\/1"}],"replies":[{"embeddable":true,"href":"https:\/\/www.hundeverein-konstanz.de\/index.php?rest_route=%2Fwp%2Fv2%2Fcomments&post=91"}],"version-history":[{"count":2,"href":"https:\/\/www.hundeverein-konstanz.de\/index.php?rest_route=\/wp\/v2\/pages\/91\/revisions"}],"predecessor-version":[{"id":286,"href":"https:\/\/www.hundeverein-konstanz.de\/index.php?rest_route=\/wp\/v2\/pages\/91\/revisions\/286"}],"up":[{"embeddable":true,"href":"https:\/\/www.hundeverein-konstanz.de\/index.php?rest_route=\/wp\/v2\/pages\/89"}],"wp:attachment":[{"href":"https:\/\/www.hundeverein-konstanz.de\/index.php?rest_route=%2Fwp%2Fv2%2Fmedia&parent=91"}],"curies":[{"name":"wp","href":"https:\/\/api.w.org\/{rel}","templated":true}]}}